{"id":139,"date":"2021-08-10T16:41:10","date_gmt":"2021-08-10T14:41:10","guid":{"rendered":"https:\/\/www.pro-hungerberg.de\/?page_id=139"},"modified":"2021-08-30T17:22:22","modified_gmt":"2021-08-30T15:22:22","slug":"gute-gruende","status":"publish","type":"page","link":"https:\/\/www.pro-hungerberg.de\/index.php\/gute-gruende\/","title":{"rendered":"Gute Gr\u00fcnde\u00a0"},"content":{"rendered":"\n<p class=\"has-text-align-center\"><strong>F\u00fcr ein \u201eNEIN\u201c im B\u00fcrgerentscheid gibt es viele gute Gr\u00fcnde. Die wichtigsten aus unserer Sicht finden Sie hier auf dieser Seite. Wenn Sie weitere Informationen w\u00fcnschen und auch einen Faktencheck f\u00fcr Gegenargumente durchf\u00fchren m\u00f6chten, klicken Sie gerne auf die <a rel=\"noreferrer noopener\" href=\"https:\/\/www.vorhaltestandort-hungerberg.de\/\" data-type=\"URL\" data-id=\"https:\/\/www.vorhaltestandort-hungerberg.de\/\" target=\"_blank\">Seite der Projektpartner<\/a>.<\/strong><\/p>\n\n\n\n<div style=\"height:100px\" aria-hidden=\"true\" class=\"wp-block-spacer\"><\/div>\n\n\n\n<div class=\"wp-block-columns is-layout-flex wp-container-core-columns-is-layout-9d6595d7 wp-block-columns-is-layout-flex\">\n<div class=\"wp-block-column is-vertically-aligned-top is-layout-flow wp-block-column-is-layout-flow\" style=\"flex-basis:33.33%\">\n<p>&nbsp;<\/p>\n\n\n\n<figure class=\"wp-block-image size-full is-style-rounded\"><img loading=\"lazy\" decoding=\"async\" width=\"1000\" height=\"1000\" src=\"https:\/\/www.pro-hungerberg.de\/wp-content\/uploads\/2021\/08\/Famile-Jessica-Rockowitz-on-Unsplash.jpg\" alt=\"\" class=\"wp-image-187\" srcset=\"https:\/\/www.pro-hungerberg.de\/wp-content\/uploads\/2021\/08\/Famile-Jessica-Rockowitz-on-Unsplash.jpg 1000w, https:\/\/www.pro-hungerberg.de\/wp-content\/uploads\/2021\/08\/Famile-Jessica-Rockowitz-on-Unsplash-300x300.jpg 300w, https:\/\/www.pro-hungerberg.de\/wp-content\/uploads\/2021\/08\/Famile-Jessica-Rockowitz-on-Unsplash-150x150.jpg 150w, https:\/\/www.pro-hungerberg.de\/wp-content\/uploads\/2021\/08\/Famile-Jessica-Rockowitz-on-Unsplash-768x768.jpg 768w\" sizes=\"auto, (max-width: 1000px) 100vw, 1000px\" \/><\/figure>\n<\/div>\n\n\n\n<div class=\"wp-block-column is-vertically-aligned-top is-layout-flow wp-block-column-is-layout-flow\" style=\"flex-basis:66.66%\">\n<h2 class=\"wp-block-heading\"><strong>Zukunft f\u00fcr Familien!<\/strong><\/h2>\n\n\n\n<p>Wir wollen, dass junge Menschen, junge Familien auch in Dettingen eine Zukunft haben. Der Vorhalte-Standort ist f\u00fcr Dettingen und die umliegenden Gemeinden unendlich wichtig! Die m\u00f6gliche Ansiedlung von gro\u00dfen Unternehmen bringt neue, auch innovative Arbeitspl\u00e4tze und sichert durch Einnahmen den Wohlstand der Kommunen und ihrer B\u00fcrgerinnen und B\u00fcrger. Dettingen wird so erm\u00f6glicht, Einrichtungen der kommunalen Infrastruktur wie bspw. Hallenbad, Schulen, KiTas entsprechend heutigen Anforderungen um- und auszubauen, zu erweitern oder sogar neu zu schaffen. Dieses ist alle Menschen wichtig und wesentlich.<\/p>\n<\/div>\n<\/div>\n\n\n\n<div style=\"height:100px\" aria-hidden=\"true\" class=\"wp-block-spacer\"><\/div>\n\n\n\n<div class=\"wp-block-columns is-layout-flex wp-container-core-columns-is-layout-9d6595d7 wp-block-columns-is-layout-flex\">\n<div class=\"wp-block-column is-layout-flow wp-block-column-is-layout-flow\" style=\"flex-basis:33.33%\">\n<p>&nbsp;<\/p>\n\n\n\n<figure class=\"wp-block-image size-full is-style-rounded\"><img loading=\"lazy\" decoding=\"async\" width=\"1000\" height=\"1000\" src=\"https:\/\/www.pro-hungerberg.de\/wp-content\/uploads\/2021\/08\/digitale-Entwicklung.jpg\" alt=\"\" class=\"wp-image-222\" srcset=\"https:\/\/www.pro-hungerberg.de\/wp-content\/uploads\/2021\/08\/digitale-Entwicklung.jpg 1000w, https:\/\/www.pro-hungerberg.de\/wp-content\/uploads\/2021\/08\/digitale-Entwicklung-300x300.jpg 300w, https:\/\/www.pro-hungerberg.de\/wp-content\/uploads\/2021\/08\/digitale-Entwicklung-150x150.jpg 150w, https:\/\/www.pro-hungerberg.de\/wp-content\/uploads\/2021\/08\/digitale-Entwicklung-768x768.jpg 768w\" sizes=\"auto, (max-width: 1000px) 100vw, 1000px\" \/><\/figure>\n<\/div>\n\n\n\n<div class=\"wp-block-column is-layout-flow wp-block-column-is-layout-flow\" style=\"flex-basis:66.66%\">\n<h2 class=\"wp-block-heading\"><strong>Technologische, digitale Entwicklung!<\/strong><\/h2>\n\n\n\n<p>Noch ist nicht entschieden, welche Unternehmen nach Dettingen kommen. Wir wissen nur, was alles ausgeschlossen ist \u2013 zum Beispiel Schwerindustrie und auch Logistik. Es wird also kein Auslieferungslager geben! Wir wollen stattdessen einen Branchen-Mix und Zukunft f\u00fcr viele junge B\u00fcrgerinnen und B\u00fcrger: Arbeiten mit dem Kopf und mit den H\u00e4nden &#8211; beides wird am Hungerberg die Zukunft sein. Wir brauchen eine technologische und digitale Entwicklung von Dettingen! <\/p>\n<\/div>\n<\/div>\n\n\n\n<div style=\"height:100px\" aria-hidden=\"true\" class=\"wp-block-spacer\"><\/div>\n\n\n\n<div class=\"wp-block-columns is-layout-flex wp-container-core-columns-is-layout-9d6595d7 wp-block-columns-is-layout-flex\">\n<div class=\"wp-block-column is-layout-flow wp-block-column-is-layout-flow\" style=\"flex-basis:33.33%\">\n<figure class=\"wp-block-image size-full is-style-rounded\"><img loading=\"lazy\" decoding=\"async\" width=\"1000\" height=\"1000\" src=\"https:\/\/www.pro-hungerberg.de\/wp-content\/uploads\/2021\/08\/21-Hektar.jpg\" alt=\"\" class=\"wp-image-220\" srcset=\"https:\/\/www.pro-hungerberg.de\/wp-content\/uploads\/2021\/08\/21-Hektar.jpg 1000w, https:\/\/www.pro-hungerberg.de\/wp-content\/uploads\/2021\/08\/21-Hektar-300x300.jpg 300w, https:\/\/www.pro-hungerberg.de\/wp-content\/uploads\/2021\/08\/21-Hektar-150x150.jpg 150w, https:\/\/www.pro-hungerberg.de\/wp-content\/uploads\/2021\/08\/21-Hektar-768x768.jpg 768w\" sizes=\"auto, (max-width: 1000px) 100vw, 1000px\" \/><\/figure>\n<\/div>\n\n\n\n<div class=\"wp-block-column is-layout-flow wp-block-column-is-layout-flow\" style=\"flex-basis:66.66%\">\n<h2 class=\"wp-block-heading\"><strong>21 Hektar sind ma\u00dfvoll!<\/strong><\/h2>\n\n\n\n<p>F\u00fcr das Zukunftsprojekt werden Ausgleichsfl\u00e4chen geschaffen. Die gesamte Projektgr\u00f6\u00dfe betr\u00e4gt nur noch 21 Hektar. Und noch einmal, weil es immer wieder anders behauptet wird: Logistik und Schwerindustrie sind von einer potenziellen Nutzung ausgeschlossen.<\/p>\n<\/div>\n<\/div>\n\n\n\n<div style=\"height:100px\" aria-hidden=\"true\" class=\"wp-block-spacer\"><\/div>\n\n\n\n<div class=\"wp-block-columns is-layout-flex wp-container-core-columns-is-layout-9d6595d7 wp-block-columns-is-layout-flex\">\n<div class=\"wp-block-column is-layout-flow wp-block-column-is-layout-flow\" style=\"flex-basis:33.33%\">\n<p>&nbsp;<\/p>\n\n\n\n<figure class=\"wp-block-image size-full is-style-rounded\"><img loading=\"lazy\" decoding=\"async\" width=\"1000\" height=\"1000\" src=\"https:\/\/www.pro-hungerberg.de\/wp-content\/uploads\/2021\/08\/Infrastruktur.jpg\" alt=\"\" class=\"wp-image-219\" srcset=\"https:\/\/www.pro-hungerberg.de\/wp-content\/uploads\/2021\/08\/Infrastruktur.jpg 1000w, https:\/\/www.pro-hungerberg.de\/wp-content\/uploads\/2021\/08\/Infrastruktur-300x300.jpg 300w, https:\/\/www.pro-hungerberg.de\/wp-content\/uploads\/2021\/08\/Infrastruktur-150x150.jpg 150w, https:\/\/www.pro-hungerberg.de\/wp-content\/uploads\/2021\/08\/Infrastruktur-768x768.jpg 768w\" sizes=\"auto, (max-width: 1000px) 100vw, 1000px\" \/><\/figure>\n<\/div>\n\n\n\n<div class=\"wp-block-column is-layout-flow wp-block-column-is-layout-flow\" style=\"flex-basis:66.66%\">\n<h2 class=\"wp-block-heading\"><strong>Infrastruktur bewahren!<\/strong><\/h2>\n\n\n\n<p>Dettingen hat eine hervorragende Infrastruktur. Aber diese kann eine Kommune nur erhalten, wenn sie durch Steuereinnahmen auch die notwendigen Mittel hat. Andere Kommunen, sogar in Baden-W\u00fcrttemberg, geraten ohne neue Gewerbesteuereinnahmen in eine gef\u00e4hrliche Abw\u00e4rtsspirale. Das darf uns in der Region nicht passieren! <strong>Dettingen<\/strong>,\u202f<strong>Kirchheim<\/strong> und\u202f<strong>Notzingen<\/strong>\u202fben\u00f6tigen verl\u00e4sslich Einnahmen.  <\/p>\n\n\n\n<p>Der Deutsche St\u00e4dte- und Gemeindebund geht davon aus, dass die Auswirkungen der Corona-Krise f\u00fcr die Kommunen dramatisch sein werden. Die Schere zwischen armen und reichen Kommunen werden in der\u202fCorona-Krise potenziell noch gr\u00f6\u00dfer werden.<\/p>\n<\/div>\n<\/div>\n\n\n\n<div style=\"height:100px\" aria-hidden=\"true\" class=\"wp-block-spacer\"><\/div>\n\n\n\n<div class=\"wp-block-columns is-layout-flex wp-container-core-columns-is-layout-9d6595d7 wp-block-columns-is-layout-flex\">\n<div class=\"wp-block-column is-layout-flow wp-block-column-is-layout-flow\" style=\"flex-basis:33.33%\">\n<p>&nbsp;<\/p>\n\n\n\n<figure class=\"wp-block-image size-full is-style-rounded\"><img loading=\"lazy\" decoding=\"async\" width=\"1000\" height=\"1000\" src=\"https:\/\/www.pro-hungerberg.de\/wp-content\/uploads\/2021\/08\/Chancengerechtigkeit.jpg\" alt=\"\" class=\"wp-image-218\" srcset=\"https:\/\/www.pro-hungerberg.de\/wp-content\/uploads\/2021\/08\/Chancengerechtigkeit.jpg 1000w, https:\/\/www.pro-hungerberg.de\/wp-content\/uploads\/2021\/08\/Chancengerechtigkeit-300x300.jpg 300w, https:\/\/www.pro-hungerberg.de\/wp-content\/uploads\/2021\/08\/Chancengerechtigkeit-150x150.jpg 150w, https:\/\/www.pro-hungerberg.de\/wp-content\/uploads\/2021\/08\/Chancengerechtigkeit-768x768.jpg 768w\" sizes=\"auto, (max-width: 1000px) 100vw, 1000px\" \/><\/figure>\n<\/div>\n\n\n\n<div class=\"wp-block-column is-layout-flow wp-block-column-is-layout-flow\" style=\"flex-basis:66.66%\">\n<h2 class=\"wp-block-heading\"><strong>Chancengerechtigkeit und Perspektiven<\/strong><\/h2>\n\n\n\n<p>Wir m\u00f6chten nicht, dass junge Menschen aus Dettingen wegziehen, weil die Perspektiven fehlen. Chancengerechtigkeit muss es f\u00fcr alle Menschen geben, auch in Dettingen. <\/p>\n\n\n\n<p>Unsere talentierten jungen Mitb\u00fcrgerinnen und Mitb\u00fcrger sollen ihren Arbeitsplatz nicht weit entfernt, sondern bei uns finden. Wohnen und arbeiten in einer Stadt, mit kurzen Wegen zwischen Wohnort und Arbeitsplatz, sollen auch in Dettingen zu einem erf\u00fcllten Leben geh\u00f6ren.<\/p>\n<\/div>\n<\/div>\n\n\n\n<div style=\"height:100px\" aria-hidden=\"true\" class=\"wp-block-spacer\"><\/div>\n\n\n\n<div class=\"wp-block-columns is-layout-flex wp-container-core-columns-is-layout-9d6595d7 wp-block-columns-is-layout-flex\">\n<div class=\"wp-block-column is-layout-flow wp-block-column-is-layout-flow\" style=\"flex-basis:33.33%\">\n<figure class=\"wp-block-image size-full is-style-rounded\"><img loading=\"lazy\" decoding=\"async\" width=\"1000\" height=\"1000\" src=\"https:\/\/www.pro-hungerberg.de\/wp-content\/uploads\/2021\/08\/Pendlerquote.jpg\" alt=\"\" class=\"wp-image-217\" srcset=\"https:\/\/www.pro-hungerberg.de\/wp-content\/uploads\/2021\/08\/Pendlerquote.jpg 1000w, https:\/\/www.pro-hungerberg.de\/wp-content\/uploads\/2021\/08\/Pendlerquote-300x300.jpg 300w, https:\/\/www.pro-hungerberg.de\/wp-content\/uploads\/2021\/08\/Pendlerquote-150x150.jpg 150w, https:\/\/www.pro-hungerberg.de\/wp-content\/uploads\/2021\/08\/Pendlerquote-768x768.jpg 768w\" sizes=\"auto, (max-width: 1000px) 100vw, 1000px\" \/><\/figure>\n<\/div>\n\n\n\n<div class=\"wp-block-column is-layout-flow wp-block-column-is-layout-flow\" style=\"flex-basis:66.66%\">\n<h2 class=\"wp-block-heading\"><strong>Reduzierung der Pendlerquote<\/strong><\/h2>\n\n\n\n<p>Viele B\u00fcrgerinnen und B\u00fcrger verlassen werkt\u00e4glich Dettingen und pendeln zu ihren teilweise weit entfernten Arbeitspl\u00e4tzen. Auch wenn nicht gesagt werden kann, wer am Ende an einem Vorhalte-Standort einen neuen Arbeitsplatz findet und wann dies und in welchem Umfang sein wird: Das Zukunftsprojekt wird die Zahl der Pendler in erheblicher Weise reduzieren. <\/p>\n<\/div>\n<\/div>\n\n\n\n<div style=\"height:100px\" aria-hidden=\"true\" class=\"wp-block-spacer\"><\/div>\n\n\n\n<div class=\"wp-block-columns is-layout-flex wp-container-core-columns-is-layout-9d6595d7 wp-block-columns-is-layout-flex\">\n<div class=\"wp-block-column is-layout-flow wp-block-column-is-layout-flow\" style=\"flex-basis:33.33%\">\n<p>&nbsp;<\/p>\n\n\n\n<figure class=\"wp-block-image size-full is-style-rounded\"><img loading=\"lazy\" decoding=\"async\" width=\"933\" height=\"933\" src=\"https:\/\/www.pro-hungerberg.de\/wp-content\/uploads\/2021\/08\/Bauplanung2.jpg\" alt=\"\" class=\"wp-image-228\" srcset=\"https:\/\/www.pro-hungerberg.de\/wp-content\/uploads\/2021\/08\/Bauplanung2.jpg 933w, https:\/\/www.pro-hungerberg.de\/wp-content\/uploads\/2021\/08\/Bauplanung2-300x300.jpg 300w, https:\/\/www.pro-hungerberg.de\/wp-content\/uploads\/2021\/08\/Bauplanung2-150x150.jpg 150w, https:\/\/www.pro-hungerberg.de\/wp-content\/uploads\/2021\/08\/Bauplanung2-768x768.jpg 768w\" sizes=\"auto, (max-width: 933px) 100vw, 933px\" \/><\/figure>\n<\/div>\n\n\n\n<div class=\"wp-block-column is-layout-flow wp-block-column-is-layout-flow\" style=\"flex-basis:66.66%\">\n<h2 class=\"wp-block-heading\"><strong>Moderne, \u201egr\u00fcne\u201c Bauplanung<\/strong><\/h2>\n\n\n\n<p>Nie war die Ausweisung eines Vorhalte-Standorts f\u00fcr Dettingen so wichtig und so erfolgversprechend wie heute. Gerade in der heutigen Zeit des Umbruchs suchen gro\u00dfe Firmen neue Standorte f\u00fcr innovative und zukunftsf\u00e4hige Produktionen. Dazu passt die vorgesehene Bauplanung: Sie ist \u201egr\u00fcn\u201c, achtsam, realistisch, wirtschafts- und vor allem umweltgerecht. Hier vor Ort ist die Chance da, Investoren zu klaren Zusagen zur nachhaltigen Bauweise zu bringen. Auch das ist Klimaschutz, denn an anderen Orten, an denen ansonsten diese Investitionen erfolgen, wird darauf nicht immer der gleiche Wert gelegt.<\/p>\n<\/div>\n<\/div>\n\n\n\n<div style=\"height:100px\" aria-hidden=\"true\" class=\"wp-block-spacer\"><\/div>\n\n\n\n<div class=\"wp-block-columns is-layout-flex wp-container-core-columns-is-layout-9d6595d7 wp-block-columns-is-layout-flex\">\n<div class=\"wp-block-column is-layout-flow wp-block-column-is-layout-flow\" style=\"flex-basis:33.33%\">\n<p>&nbsp;<\/p>\n\n\n\n<figure class=\"wp-block-image size-full is-style-rounded\"><img loading=\"lazy\" decoding=\"async\" width=\"1000\" height=\"1000\" src=\"https:\/\/www.pro-hungerberg.de\/wp-content\/uploads\/2021\/08\/Umwelt.jpg\" alt=\"\" class=\"wp-image-223\" srcset=\"https:\/\/www.pro-hungerberg.de\/wp-content\/uploads\/2021\/08\/Umwelt.jpg 1000w, https:\/\/www.pro-hungerberg.de\/wp-content\/uploads\/2021\/08\/Umwelt-300x300.jpg 300w, https:\/\/www.pro-hungerberg.de\/wp-content\/uploads\/2021\/08\/Umwelt-150x150.jpg 150w, https:\/\/www.pro-hungerberg.de\/wp-content\/uploads\/2021\/08\/Umwelt-768x768.jpg 768w\" sizes=\"auto, (max-width: 1000px) 100vw, 1000px\" \/><\/figure>\n<\/div>\n\n\n\n<div class=\"wp-block-column is-layout-flow wp-block-column-is-layout-flow\" style=\"flex-basis:66.66%\">\n<h2 class=\"wp-block-heading\"><strong>Umwelt wird gesch\u00fctzt<\/strong><\/h2>\n\n\n\n<p>Ja, mit der Realisierung des Bauvorhabens geht auch Ackerfl\u00e4che verloren. Daher ist es umso wichtiger, dass es mit dem geringstm\u00f6glichen Einschnitt geschieht. Und es muss f\u00fcr die Beurteilung auch die Situation vor Ort betrachtet werden. Die guten B\u00f6den k\u00f6nnen verlagert werden. Durch einen konstruktiven Dialog mit den betroffenen Landwirtinnen und Landwirten werden \u00f6konomische L\u00f6sungen f\u00fcr den tats\u00e4chlichen Fl\u00e4chenbedarf der hiesigen Landwirtschaft gefunden. Durch die geltenden allgemeinen und die speziell f\u00fcr dieses Baugebiet festzulegenden Bauvorschriften werden mit der Bebauung bereits umweltf\u00f6rdernde Ma\u00dfnahmen wie Begr\u00fcnung und Gew\u00e4sserschutz umgesetzt werden m\u00fcssen, die dem Einschnitt entgegenwirken.<\/p>\n<\/div>\n<\/div>\n\n\n\n<div style=\"height:100px\" aria-hidden=\"true\" class=\"wp-block-spacer\"><\/div>\n\n\n\n<div class=\"wp-block-columns is-layout-flex wp-container-core-columns-is-layout-9d6595d7 wp-block-columns-is-layout-flex\">\n<div class=\"wp-block-column is-layout-flow wp-block-column-is-layout-flow\" style=\"flex-basis:33.33%\">\n<figure class=\"wp-block-image size-full is-style-rounded\"><img loading=\"lazy\" decoding=\"async\" width=\"1000\" height=\"1000\" src=\"https:\/\/www.pro-hungerberg.de\/wp-content\/uploads\/2021\/08\/Partner.jpg\" alt=\"\" class=\"wp-image-221\" srcset=\"https:\/\/www.pro-hungerberg.de\/wp-content\/uploads\/2021\/08\/Partner.jpg 1000w, https:\/\/www.pro-hungerberg.de\/wp-content\/uploads\/2021\/08\/Partner-300x300.jpg 300w, https:\/\/www.pro-hungerberg.de\/wp-content\/uploads\/2021\/08\/Partner-150x150.jpg 150w, https:\/\/www.pro-hungerberg.de\/wp-content\/uploads\/2021\/08\/Partner-768x768.jpg 768w\" sizes=\"auto, (max-width: 1000px) 100vw, 1000px\" \/><\/figure>\n<\/div>\n\n\n\n<div class=\"wp-block-column is-layout-flow wp-block-column-is-layout-flow\" style=\"flex-basis:66.66%\">\n<h2 class=\"wp-block-heading\"><strong>Die Partner f\u00fcr das Projekt<\/strong><\/h2>\n\n\n\n<p>Viele vern\u00fcnftige Menschen setzen sich f\u00fcr den regionalen Vorhaltestandort ein. Dazu geh\u00f6ren die Kommunen\u202f<strong>Dettingen<\/strong>\u202funter Teck,\u202f<strong>Kirchheim<\/strong>\u202funter Teck und\u202f<strong>Notzingen<\/strong>\u202f\u2013 jeweils mit den Mehrheiten der jeweiligen Gemeinder\u00e4te. Und auch unsere Initiative findet zunehmend Unterst\u00fctzer \u2013 aus der Wirtschaft, aber auch aus Familien, denen die Blockade der Zukunft durch die BI zu weit geht. Dar\u00fcber freuen uns sehr!<\/p>\n<\/div>\n<\/div>\n","protected":false},"excerpt":{"rendered":"<p>F\u00fcr ein \u201eNEIN\u201c im B\u00fcrgerentscheid gibt es viele gute Gr\u00fcnde. Die wichtigsten aus unserer Sicht finden Sie hier auf dieser Seite. Wenn Sie weitere Informationen w\u00fcnschen und auch einen Faktencheck f\u00fcr Gegenargumente durchf\u00fchren m\u00f6chten, klicken Sie gerne auf die Seite der Projektpartner. &nbsp; Zukunft f\u00fcr Familien! Wir wollen, dass junge Menschen, junge Familien auch in &hellip; <\/p>\n<p class=\"link-more\"><a href=\"https:\/\/www.pro-hungerberg.de\/index.php\/gute-gruende\/\" class=\"more-link\">Mehr <span class=\"screen-reader-text\">\u00fcber &#8222;Gute Gr\u00fcnde\u00a0&#8220; <\/span>Lesen<\/a><\/p>\n","protected":false},"author":8,"featured_media":0,"parent":0,"menu_order":0,"comment_status":"closed","ping_status":"closed","template":"","meta":{"footnotes":""},"class_list":["post-139","page","type-page","status-publish","hentry"],"_links":{"self":[{"href":"https:\/\/www.pro-hungerberg.de\/index.php\/wp-json\/wp\/v2\/pages\/139","targetHints":{"allow":["GET"]}}],"collection":[{"href":"https:\/\/www.pro-hungerberg.de\/index.php\/wp-json\/wp\/v2\/pages"}],"about":[{"href":"https:\/\/www.pro-hungerberg.de\/index.php\/wp-json\/wp\/v2\/types\/page"}],"author":[{"embeddable":true,"href":"https:\/\/www.pro-hungerberg.de\/index.php\/wp-json\/wp\/v2\/users\/8"}],"replies":[{"embeddable":true,"href":"https:\/\/www.pro-hungerberg.de\/index.php\/wp-json\/wp\/v2\/comments?post=139"}],"version-history":[{"count":7,"href":"https:\/\/www.pro-hungerberg.de\/index.php\/wp-json\/wp\/v2\/pages\/139\/revisions"}],"predecessor-version":[{"id":243,"href":"https:\/\/www.pro-hungerberg.de\/index.php\/wp-json\/wp\/v2\/pages\/139\/revisions\/243"}],"wp:attachment":[{"href":"https:\/\/www.pro-hungerberg.de\/index.php\/wp-json\/wp\/v2\/media?parent=139"}],"curies":[{"name":"wp","href":"https:\/\/api.w.org\/{rel}","templated":true}]}}