{"id":31,"date":"2021-07-20T14:33:19","date_gmt":"2021-07-20T12:33:19","guid":{"rendered":"https:\/\/www.pro-hungerberg.de\/?page_id=31"},"modified":"2021-07-27T16:40:04","modified_gmt":"2021-07-27T14:40:04","slug":"impressum","status":"publish","type":"page","link":"https:\/\/www.pro-hungerberg.de\/index.php\/impressum\/","title":{"rendered":"Impressum"},"content":{"rendered":"\n<p><strong>BDS Kirchheim unter Teck e. V.<\/strong><br>Gesch\u00e4ftsstelle<br>Anja Hennrich<br>Siemensstra\u00dfe 10<br>73230 Kirchheim unter Teck<br>Fon: +49 7021 480951<br>Fax: +49 7021 480931<br><a href=\"mailto:geschaeftsstelle@bds-kirchheim-teck.de\">geschaeftsstelle@bds-kirchheim-teck.de&nbsp;<\/a><\/p>\n\n\n\n<p><strong>Vorsitzende:<\/strong><br>Karl-Albrecht Einselen und Robert Schmid<br><br><\/p>\n\n\n\n<p>VERANTWORTLICH F\u00dcR DEN INHALT NACH \u00a7 55 ABS. 2 RSTV<br><br><strong>BDS Kirchheim unter Teck e. V.<\/strong><br>Gesch\u00e4ftsstelle<br>Anja Hennrich<br>Siemensstra\u00dfe 10<br>73230 Kirchheim unter Teck<br>Fon: +49 7021 480951<br>Fax: +49 7021 480931<br><a href=\"mailto:geschaeftsstelle@bds-kirchheim-teck.de\">geschaeftsstelle@bds-kirchheim-teck.de\u00a0<\/a><\/p>\n\n\n\n<p><strong>Vorsitzende:<\/strong><br>Karl-Albrecht Einselen und Robert Schmid<br><br><strong>HAFTUNG F\u00dcR INHALTE<\/strong><br>Als Diensteanbieter sind wir gem\u00e4\u00df \u00a7 7 Abs.1 TMG f\u00fcr eigene Inhalte auf diesen Seiten nach den allgemeinen Gesetzen verantwortlich. Nach \u00a7\u00a7 8 bis 10 TMG sind wir als Diensteanbieter jedoch nicht verpflichtet, \u00fcbermittelte oder gespeicherte fremde Informationen zu \u00fcberwachen oder nach Umst\u00e4nden zu forschen, die auf eine rechtswidrige T\u00e4tigkeit hinweisen.<br>Verpflichtungen zur Entfernung oder Sperrung der Nutzung von Informationen nach den allgemeinen Gesetzen bleiben hiervon unber\u00fchrt. Eine diesbez\u00fcgliche Haftung ist jedoch erst ab dem Zeitpunkt der Kenntnis einer konkreten Rechtsverletzung m\u00f6glich. Bei Bekanntwerden von entsprechenden Rechtsverletzungen werden wir diese Inhalte umgehend entfernen.<br><br><strong>HAFTUNG F\u00dcR LINKS<\/strong><br>Unser Angebot enth\u00e4lt Links zu externen Websites Dritter, auf deren Inhalte wir keinen Einfluss haben. Deshalb k\u00f6nnen wir f\u00fcr diese fremden Inhalte auch keine Gew\u00e4hr \u00fcbernehmen. F\u00fcr die Inhalte der verlinkten Seiten ist stets der jeweilige Anbieter oder Betreiber der Seiten verantwortlich. Die verlinkten Seiten wurden zum Zeitpunkt der Verlinkung auf m\u00f6gliche Rechtsverst\u00f6\u00dfe \u00fcberpr\u00fcft. Rechtswidrige Inhalte waren zum Zeitpunkt der Verlinkung nicht erkennbar.<br>Eine permanente inhaltliche Kontrolle der verlinkten Seiten ist jedoch ohne konkrete Anhaltspunkte einer Rechtsverletzung nicht zumutbar. Bei Bekanntwerden von Rechtsverletzungen werden wir derartige Links umgehend entfernen.<\/p>\n","protected":false},"excerpt":{"rendered":"<p>BDS Kirchheim unter Teck e. V.Gesch\u00e4ftsstelleAnja HennrichSiemensstra\u00dfe 1073230 Kirchheim unter TeckFon: +49 7021 480951Fax: +49 7021 480931geschaeftsstelle@bds-kirchheim-teck.de&nbsp; Vorsitzende:Karl-Albrecht Einselen und Robert Schmid VERANTWORTLICH F\u00dcR DEN INHALT NACH \u00a7 55 ABS. 2 RSTV BDS Kirchheim unter Teck e. V.Gesch\u00e4ftsstelleAnja HennrichSiemensstra\u00dfe 1073230 Kirchheim unter TeckFon: +49 7021 480951Fax: +49 7021 480931geschaeftsstelle@bds-kirchheim-teck.de\u00a0 Vorsitzende:Karl-Albrecht Einselen und Robert Schmid HAFTUNG &hellip; <\/p>\n<p class=\"link-more\"><a href=\"https:\/\/www.pro-hungerberg.de\/index.php\/impressum\/\" class=\"more-link\">Mehr <span class=\"screen-reader-text\">\u00fcber &#8222;Impressum&#8220; <\/span>Lesen<\/a><\/p>\n","protected":false},"author":1,"featured_media":0,"parent":0,"menu_order":0,"comment_status":"closed","ping_status":"closed","template":"","meta":{"footnotes":""},"class_list":["post-31","page","type-page","status-publish","hentry"],"_links":{"self":[{"href":"https:\/\/www.pro-hungerberg.de\/index.php\/wp-json\/wp\/v2\/pages\/31","targetHints":{"allow":["GET"]}}],"collection":[{"href":"https:\/\/www.pro-hungerberg.de\/index.php\/wp-json\/wp\/v2\/pages"}],"about":[{"href":"https:\/\/www.pro-hungerberg.de\/index.php\/wp-json\/wp\/v2\/types\/page"}],"author":[{"embeddable":true,"href":"https:\/\/www.pro-hungerberg.de\/index.php\/wp-json\/wp\/v2\/users\/1"}],"replies":[{"embeddable":true,"href":"https:\/\/www.pro-hungerberg.de\/index.php\/wp-json\/wp\/v2\/comments?post=31"}],"version-history":[{"count":3,"href":"https:\/\/www.pro-hungerberg.de\/index.php\/wp-json\/wp\/v2\/pages\/31\/revisions"}],"predecessor-version":[{"id":111,"href":"https:\/\/www.pro-hungerberg.de\/index.php\/wp-json\/wp\/v2\/pages\/31\/revisions\/111"}],"wp:attachment":[{"href":"https:\/\/www.pro-hungerberg.de\/index.php\/wp-json\/wp\/v2\/media?parent=31"}],"curies":[{"name":"wp","href":"https:\/\/api.w.org\/{rel}","templated":true}]}}